{"id":236,"date":"2020-06-15T09:45:10","date_gmt":"2020-06-15T08:45:10","guid":{"rendered":"http:\/\/best-choice.pl\/?page_id=236"},"modified":"2020-06-15T10:03:29","modified_gmt":"2020-06-15T09:03:29","slug":"pogotowie-asystenckie","status":"publish","type":"page","link":"http:\/\/best-choice.pl\/?page_id=236","title":{"rendered":"Pogotowie asystenckie"},"content":{"rendered":"<p><strong>Urlop pracownika?\u00a0 \u00a0 \u00a0 \u00a0 \u00a0 \u00a0 \u00a0Nag\u0142e zwolnienie lekarskie?\u00a0 \u00a0 \u00a0 \u00a0 \u00a0 \u00a0 \u00a0Opieka nad dzieckiem?<\/strong><\/p>\n<p style=\"text-align: justify;\"><a href=\"http:\/\/best-choice.pl\/wp-content\/uploads\/2020\/06\/pogotowie.jpg\" rel=\"attachment wp-att-240\"><img loading=\"lazy\" class=\"aligncenter size-medium wp-image-240\" src=\"http:\/\/best-choice.pl\/wp-content\/uploads\/2020\/06\/pogotowie-300x300.jpg\" alt=\"pogotowie\" width=\"300\" height=\"300\" srcset=\"http:\/\/best-choice.pl\/wp-content\/uploads\/2020\/06\/pogotowie-300x300.jpg 300w, http:\/\/best-choice.pl\/wp-content\/uploads\/2020\/06\/pogotowie-150x150.jpg 150w, http:\/\/best-choice.pl\/wp-content\/uploads\/2020\/06\/pogotowie-768x768.jpg 768w, http:\/\/best-choice.pl\/wp-content\/uploads\/2020\/06\/pogotowie-1024x1024.jpg 1024w, http:\/\/best-choice.pl\/wp-content\/uploads\/2020\/06\/pogotowie-250x250.jpg 250w, http:\/\/best-choice.pl\/wp-content\/uploads\/2020\/06\/pogotowie-48x48.jpg 48w, http:\/\/best-choice.pl\/wp-content\/uploads\/2020\/06\/pogotowie.jpg 1920w\" sizes=\"(max-width: 300px) 100vw, 300px\" \/><\/a>W nieoczekiwanych momentach zawsze mo\u017cecie Pa\u0144stwo na nas liczy\u0107!<\/p>\n<p style=\"text-align: justify;\">Pogotowie asystenckie to zesp\u00f3\u0142 najlepszych asystentek stomatologicznych w Tr\u00f3jmie\u015bcie, kt\u00f3re pomog\u0105 w ka\u017cdej sytuacji. Zapewniamy pe\u0142en profesjonalizm \u015bwiadczonych us\u0142ug.<\/p>\n<p style=\"text-align: justify;\">Proponujemy\u00a0r\u00f3wnie\u017c us\u0142ugi z zakresu higienizacji pacjent\u00f3w. Je\u015bli macie Pa\u0144stwo nieoczekiwane problemy kadrowe, nie musicie ju\u017c przek\u0142ada\u0107 wizyt pacjent\u00f3w. Wystarczy do nas zadzwoni\u0107.<\/p>\n<p style=\"text-align: justify;\">\n","protected":false},"excerpt":{"rendered":"<p>Urlop pracownika?\u00a0 \u00a0 \u00a0 \u00a0 \u00a0 \u00a0 \u00a0Nag\u0142e zwolnienie lekarskie?\u00a0 \u00a0 \u00a0 \u00a0 \u00a0 \u00a0 \u00a0Opieka nad dzieckiem? W nieoczekiwanych momentach zawsze mo\u017cecie Pa\u0144stwo na nas liczy\u0107! Pogotowie asystenckie to zesp\u00f3\u0142 najlepszych asystentek stomatologicznych w Tr\u00f3jmie\u015bcie, kt\u00f3re pomog\u0105 w ka\u017cdej sytuacji. Zapewniamy pe\u0142en profesjonalizm \u015bwiadczonych us\u0142ug. Proponujemy\u00a0r\u00f3wnie\u017c us\u0142ugi z zakresu higienizacji pacjent\u00f3w. Je\u015bli macie Pa\u0144stwo [&hellip;]<\/p>\n","protected":false},"author":1,"featured_media":0,"parent":0,"menu_order":0,"comment_status":"closed","ping_status":"closed","template":"","meta":[],"_links":{"self":[{"href":"http:\/\/best-choice.pl\/index.php?rest_route=\/wp\/v2\/pages\/236"}],"collection":[{"href":"http:\/\/best-choice.pl\/index.php?rest_route=\/wp\/v2\/pages"}],"about":[{"href":"http:\/\/best-choice.pl\/index.php?rest_route=\/wp\/v2\/types\/page"}],"author":[{"embeddable":true,"href":"http:\/\/best-choice.pl\/index.php?rest_route=\/wp\/v2\/users\/1"}],"replies":[{"embeddable":true,"href":"http:\/\/best-choice.pl\/index.php?rest_route=%2Fwp%2Fv2%2Fcomments&post=236"}],"version-history":[{"count":6,"href":"http:\/\/best-choice.pl\/index.php?rest_route=\/wp\/v2\/pages\/236\/revisions"}],"predecessor-version":[{"id":245,"href":"http:\/\/best-choice.pl\/index.php?rest_route=\/wp\/v2\/pages\/236\/revisions\/245"}],"wp:attachment":[{"href":"http:\/\/best-choice.pl\/index.php?rest_route=%2Fwp%2Fv2%2Fmedia&parent=236"}],"curies":[{"name":"wp","href":"https:\/\/api.w.org\/{rel}","templated":true}]}}